{"id":446,"date":"2016-09-12T11:21:06","date_gmt":"2016-09-12T11:21:06","guid":{"rendered":"http:\/\/www.candidobesa.com\/?page_id=446"},"modified":"2020-07-03T10:56:34","modified_gmt":"2020-07-03T10:56:34","slug":"avisu-legala","status":"publish","type":"page","link":"https:\/\/www.candidobesa.com\/eu\/avisu-legala\/","title":{"rendered":"Abisu legala"},"content":{"rendered":"<section class=\"l-section wpb_row height_medium\"><div class=\"l-section-h i-cf\"><div class=\"g-cols vc_row via_flex valign_top type_default stacking_default\"><div class=\"vc_col-sm-12 wpb_column vc_column_container\"><div class=\"vc_column-inner\"><div class=\"wpb_wrapper\"><div class=\"wpb_text_column\"><div class=\"wpb_wrapper\"><h1 style=\"text-align: center;\"><span style=\"color: #591e47;\">Abisu legala<\/span><\/h1>\n<\/div><\/div><div class=\"w-separator size_custom\" style=\"height:20px\"><\/div><div class=\"wpb_text_column\"><div class=\"wpb_wrapper\"><h3>1.\u00a0Datos de Bodegas C\u00e1ndido Besa<\/h3>\n<p style=\"text-align: justify;\">En cumplimiento del art\u00edculo 10 de la Ley 34\/2002, de 11 de julio, de Servicios de la Sociedad de la Informaci\u00f3n y Comercio Electr\u00f3nico, a continuaci\u00f3n se exponen los datos identificativos de Bodegas C\u00e1ndido Besa.<\/p>\n<p style=\"padding-left: 3em;\">Nombre: Bodegas C\u00e1ndido Besa S.C.<br \/>\nDenominaci\u00f3n Social: Bodegas C\u00e1ndido Besa<br \/>\nNif \/ Cif: J01136241<br \/>\nDomicilio Social: Herrementari Kalea, 36. 01307 Villabuena de \u00c1lava &#8211; Eskuernaga, \u00c1lava &#8211; Araba.<br \/>\nTel\u00e9fono: + 34 945 623 355<br \/>\nDirecci\u00f3n de correo electr\u00f3nico: <a href=\"mailto:bodegascandidobesa@telefonica.net\">bodegascandidobesa@telefonica.net<\/a><\/p>\n<h3>2.\u00a0Propiedad Intelectual<\/h3>\n<p style=\"text-align: justify;\">El c\u00f3digo fuente, los dise\u00f1os gr\u00e1ficos, las im\u00e1genes, las fotograf\u00edas, los sonidos, las animaciones, el software, los textos, as\u00ed como la informaci\u00f3n y los contenidos que se recogen en Bodegas C\u00e1ndido Besa est\u00e1n protegidos por la legislaci\u00f3n espa\u00f1ola sobre los derechos de propiedad intelectual e industrial a favor de Bodegas C\u00e1ndido Besa y no se permite la reproducci\u00f3n y\/o publicaci\u00f3n, total o parcial, del sitio web, ni su tratamiento inform\u00e1tico, su distribuci\u00f3n, su difusi\u00f3n, ni su modificaci\u00f3n, transformaci\u00f3n o descompilaci\u00f3n, ni dem\u00e1s derechos reconocidos legalmente a su titular, sin el permiso previo y por escrito del mismo.<\/p>\n<p style=\"text-align: justify;\">El usuario, \u00fanica y exclusivamente, puede utilizar el material que aparezca en este sitio web para su uso personal y privado, quedando prohibido su uso con fines comerciales o para incurrir en actividades il\u00edcitas. Todos los derechos derivados de la propiedad intelectual est\u00e1n expresamente reservados por Bodegas C\u00e1ndido Besa.<\/p>\n<p style=\"text-align: justify;\">Bodegas C\u00e1ndido Besa velar\u00e1 por el cumplimiento de las anteriores condiciones como por la debida utilizaci\u00f3n de los contenidos presentados en sus p\u00e1ginas web, ejercitando todas las acciones civiles y penales que le correspondan en el caso de infracci\u00f3n o incumplimiento de estos derechos por parte del usuario.<\/p>\n<h3>3.\u00a0Protecci\u00f3n de datos de car\u00e1cter personal<\/h3>\n<p style=\"text-align: justify;\">En el marco del cumplimiento de la legislaci\u00f3n vigente, recogida en la Ley Org\u00e1nica 15\/1999, de 13 de diciembre, sobre protecci\u00f3n de Datos de Car\u00e1cter Personal (LOPD), cuyo objeto es garantizar y proteger, en lo que concierne al tratamiento de los datos personales, las libertades y derechos fundamentales de las personas f\u00edsicas, y especialmente de su honor e intimidad personal, Bodegas C\u00e1ndido Besa informa a los usuarios de que: Bodegas C\u00e1ndido Besa ha adoptado las medidas t\u00e9cnicas y organizativas conforme a lo dispuesto en la normativa vigente.<\/p>\n<p style=\"text-align: justify;\">Los Datos de Car\u00e1cter Personal que recoge Bodegas C\u00e1ndido Besa ser\u00e1n tratados de forma confidencial y pasar\u00e1n a formar parte de un fichero automatizado titularidad de Bodegas C\u00e1ndido Besa. La recogida y tratamiento automatizado de los Datos de Car\u00e1cter Personal tiene como finalidad el mantenimiento de la relaci\u00f3n contractual que en su caso se establezca con Bodegas C\u00e1ndido Besa, as\u00ed como el desempe\u00f1o de las tareas de informaci\u00f3n, formaci\u00f3n, comercializaci\u00f3n (tarea esta \u00faltima siempre identificada como tal) y otras actividades propias de Bodegas C\u00e1ndido Besa.<\/p>\n<p style=\"text-align: justify;\">Bodegas C\u00e1ndido Besa ha adoptado los niveles de seguridad adecuados a los datos que se facilitan y, adem\u00e1s, se han instalado todos los medios y medidas t\u00e9cnicas a su alcance para evitar la p\u00e9rdida, mal uso, alteraci\u00f3n, acceso no autorizado y robo de los datos que nos facilitan. El usuario podr\u00e1, en todo momento, ejercitar los derechos reconocidos en la LOPD, de acceso, rectificaci\u00f3n, cancelaci\u00f3n y oposici\u00f3n.<\/p>\n<h3>4.\u00a0Varios<\/h3>\n<p style=\"text-align: justify;\">A.- Bodegas C\u00e1ndido Besa utiliza cookies que se quedar\u00e1n almacenadas en el ordenador. Las cookies son peque\u00f1os archivos que nuestro ordenador env\u00eda al suyo, pero que no nos proporcionan informaci\u00f3n ni sobre su nombre, ni sobre cualquier dato de car\u00e1cter personal suyo. Las cookies que utilizamos no pueden leer datos de su ordenador ni leer las cookies que existan en su ordenador.<br \/>\nCuando el usuario se encuentre navegando por la p\u00e1gina web de Bodegas C\u00e1ndido Besa el servidor donde se encuentra alojada reconoce autom\u00e1ticamente la direcci\u00f3n IP de su ordenador, el d\u00eda y la hora en la que comienza la visita, en la que abandona la visita, as\u00ed como informaci\u00f3n sobre las distintas secciones consultadas. Es necesario que el servidor conozca estos datos para poder comunicarse y enviarle la petici\u00f3n realizada y que a trav\u00e9s del navegador se pueda ver en la pantalla.<br \/>\nSi usted lo desea puede configurar su navegador de manera que le avise en la pantalla si va a recibir una cookie. El usuario puede configurar su ordenador de manera que no reciba estas cookies, este hecho no impedir\u00e1 que se pueda acceder a la informaci\u00f3n del sitio web de Bodegas C\u00e1ndido Besa.<\/p>\n<p style=\"text-align: justify;\">B.- Bodegas C\u00e1ndido Besa podr\u00e1 modificar, sin previo aviso, la informaci\u00f3n contenida en su sitio web, as\u00ed como su configuraci\u00f3n y presentaci\u00f3n.<\/p>\n<p style=\"text-align: justify;\">C.- Bodegas C\u00e1ndido Besa se compromete a trav\u00e9s de este medio a NO REALIZAR PUBLICIDAD ENGA\u00d1OSA. A estos efectos, por lo tanto, no ser\u00e1n considerados como publicidad enga\u00f1osa los errores formales o num\u00e9ricos que puedan encontrarse a lo largo del contenido de las distintas secciones de la web de Bodegas C\u00e1ndido Besa, producidos como consecuencia de un mantenimiento y\/o actualizaci\u00f3n incompleta o defectuosa de la informaci\u00f3n contenida es estas secciones. Bodegas C\u00e1ndido Besa, como consecuencia de lo dispuesto en este apartado, se compromete a corregirlo tan pronto como tenga conocimiento de dichos errores.<\/p>\n<p style=\"text-align: justify;\">D.- Bodegas C\u00e1ndido Besa se compromete a NO REMITIR COMUNICACIONES COMERCIALES SIN IDENTIFICARLAS COMO TALES, conforme a lo dispuesto en la Ley 34\/2002 de Servicios de la Sociedad de la Informaci\u00f3n y de comercio electr\u00f3nico. A estos efectos no ser\u00e1 considerado como comunicaci\u00f3n comercial toda la informaci\u00f3n que se env\u00ede A LOS CLIENTES de nombre de Bodegas C\u00e1ndido Besa\u00a0siempre que tenga por finalidad el mantenimiento de la relaci\u00f3n contractual existente entre cliente y Bodegas C\u00e1ndido Besa, as\u00ed como el desempe\u00f1o de las tareas de informaci\u00f3n, formaci\u00f3n y otras actividades propias del servicio que el cliente tiene contratado con Bodegas C\u00e1ndido Besa.<\/p>\n<p style=\"text-align: justify;\">E.- Bodegas C\u00e1ndido Besa no se hace responsable del incumplimiento de cualquier norma aplicable en que pueda incurrir el usuario en su acceso al sitio web de Bodegas C\u00e1ndido Besa y\/o en el uso de las informaciones contenidas en el mismo.<\/p>\n<p style=\"text-align: justify;\">F.- Bodegas C\u00e1ndido Besa no ser\u00e1 responsable de los da\u00f1os y perjuicios producidos o que puedan producirse, cualquiera que sea su naturaleza, que se deriven del uso de la informaci\u00f3n, de las materias contenidas en este web site y de los programas que incorpora. Los enlaces (Links) e hipertexto que posibiliten, a trav\u00e9s del sitio web de Bodegas C\u00e1ndido Besa, acceder al usuario a prestaciones y servicios ofrecidos por terceros, no pertenecen ni se encuentran bajo el control de Bodegas C\u00e1ndido Besa; dicha entidad no se hace responsable ni de la informaci\u00f3n contenida en los mismos ni de cualesquiera efectos que pudieran derivarse de dicha informaci\u00f3n.<\/p>\n<p style=\"text-align: justify;\">G.- Bodegas C\u00e1ndido Besa no se hace responsable del uso ileg\u00edtimo que terceras personas puedan hacer de los nombres de marca, nombres de producto, marcas comerciales que, no siendo propiedad de dicha entidad, aparezcan en el Web-Site de Bodegas C\u00e1ndido Besa. Tampoco se responsabiliza de la integridad, veracidad y licitud del contenido de los enlaces a las webs a las que pueda accederse desde la web de Bodegas C\u00e1ndido Besa.<\/p>\n<p style=\"text-align: justify;\">H.- Bodegas C\u00e1ndido Besa no se responsabiliza de los virus que tengan su origen en una transmisi\u00f3n telem\u00e1tica infiltrados por terceras partes (por ejemplo, los macros de procesadores de texto, los applets de Java y los programas Active X), generados con la finalidad de obtener resultados negativos para un sistema inform\u00e1tico.<\/p>\n<p style=\"text-align: justify;\">I.- En definitiva, el Usuario es el \u00fanico responsable del uso que realice de los servicios, contenidos, enlaces (links) e hipertexto incluidos en el sitio web de Bodegas C\u00e1ndido Besa.<\/p>\n<\/div><\/div><\/div><\/div><\/div><\/div><\/div><\/section>\n","protected":false},"excerpt":{"rendered":"Abisu legala 1.\u00a0Datos de Bodegas C\u00e1ndido Besa En cumplimiento del art\u00edculo 10 de la Ley 34\/2002, de 11 de julio, de Servicios de la Sociedad de la Informaci\u00f3n y Comercio Electr\u00f3nico, a continuaci\u00f3n se exponen los datos identificativos de Bodegas C\u00e1ndido Besa. Nombre: Bodegas C\u00e1ndido Besa S.C. Denominaci\u00f3n Social: Bodegas C\u00e1ndido Besa Nif \/ Cif:...","protected":false},"author":1,"featured_media":0,"parent":0,"menu_order":0,"comment_status":"closed","ping_status":"open","template":"","meta":{"footnotes":""},"yoast_head":"<!-- This site is optimized with the Yoast SEO plugin v23.5 - https:\/\/yoast.com\/wordpress\/plugins\/seo\/ -->\n<title>Abisu legala - Bodegas C\u00e1ndido Besa<\/title>\n<meta name=\"robots\" content=\"index, follow, max-snippet:-1, max-image-preview:large, max-video-preview:-1\" \/>\n<link rel=\"canonical\" href=\"https:\/\/www.candidobesa.com\/eu\/avisu-legala\/\" \/>\n<meta property=\"og:locale\" content=\"en_US\" \/>\n<meta property=\"og:type\" content=\"article\" \/>\n<meta property=\"og:title\" content=\"Abisu legala - Bodegas C\u00e1ndido Besa\" \/>\n<meta property=\"og:url\" content=\"https:\/\/www.candidobesa.com\/eu\/avisu-legala\/\" \/>\n<meta property=\"og:site_name\" content=\"Bodegas C\u00e1ndido Besa\" \/>\n<meta property=\"article:modified_time\" content=\"2020-07-03T10:56:34+00:00\" \/>\n<meta name=\"twitter:card\" content=\"summary_large_image\" \/>\n<meta name=\"twitter:label1\" content=\"Est. reading time\" \/>\n\t<meta name=\"twitter:data1\" content=\"7 minutua\" \/>\n<script type=\"application\/ld+json\" class=\"yoast-schema-graph\">{\"@context\":\"https:\/\/schema.org\",\"@graph\":[{\"@type\":\"WebPage\",\"@id\":\"https:\/\/www.candidobesa.com\/eu\/avisu-legala\/\",\"url\":\"https:\/\/www.candidobesa.com\/eu\/avisu-legala\/\",\"name\":\"Abisu legala - Bodegas C\u00e1ndido Besa\",\"isPartOf\":{\"@id\":\"https:\/\/www.candidobesa.com\/eu\/#website\"},\"datePublished\":\"2016-09-12T11:21:06+00:00\",\"dateModified\":\"2020-07-03T10:56:34+00:00\",\"breadcrumb\":{\"@id\":\"https:\/\/www.candidobesa.com\/eu\/avisu-legala\/#breadcrumb\"},\"inLanguage\":\"eu\",\"potentialAction\":[{\"@type\":\"ReadAction\",\"target\":[\"https:\/\/www.candidobesa.com\/eu\/avisu-legala\/\"]}]},{\"@type\":\"BreadcrumbList\",\"@id\":\"https:\/\/www.candidobesa.com\/eu\/avisu-legala\/#breadcrumb\",\"itemListElement\":[{\"@type\":\"ListItem\",\"position\":1,\"name\":\"Portada\",\"item\":\"https:\/\/www.candidobesa.com\/eu\/\"},{\"@type\":\"ListItem\",\"position\":2,\"name\":\"Abisu legala\"}]},{\"@type\":\"WebSite\",\"@id\":\"https:\/\/www.candidobesa.com\/eu\/#website\",\"url\":\"https:\/\/www.candidobesa.com\/eu\/\",\"name\":\"Bodegas C\u00e1ndido Besa\",\"description\":\"Bodega familiar en Villabuena de \u00c1lava (Eskuernaga). Rioja Alavesa\",\"potentialAction\":[{\"@type\":\"SearchAction\",\"target\":{\"@type\":\"EntryPoint\",\"urlTemplate\":\"https:\/\/www.candidobesa.com\/eu\/?s={search_term_string}\"},\"query-input\":{\"@type\":\"PropertyValueSpecification\",\"valueRequired\":true,\"valueName\":\"search_term_string\"}}],\"inLanguage\":\"eu\"}]}<\/script>\n<!-- \/ Yoast SEO plugin. -->","yoast_head_json":{"title":"Abisu legala - Bodegas C\u00e1ndido Besa","robots":{"index":"index","follow":"follow","max-snippet":"max-snippet:-1","max-image-preview":"max-image-preview:large","max-video-preview":"max-video-preview:-1"},"canonical":"https:\/\/www.candidobesa.com\/eu\/avisu-legala\/","og_locale":"en_US","og_type":"article","og_title":"Abisu legala - Bodegas C\u00e1ndido Besa","og_url":"https:\/\/www.candidobesa.com\/eu\/avisu-legala\/","og_site_name":"Bodegas C\u00e1ndido Besa","article_modified_time":"2020-07-03T10:56:34+00:00","twitter_card":"summary_large_image","twitter_misc":{"Est. reading time":"7 minutua"},"schema":{"@context":"https:\/\/schema.org","@graph":[{"@type":"WebPage","@id":"https:\/\/www.candidobesa.com\/eu\/avisu-legala\/","url":"https:\/\/www.candidobesa.com\/eu\/avisu-legala\/","name":"Abisu legala - Bodegas C\u00e1ndido Besa","isPartOf":{"@id":"https:\/\/www.candidobesa.com\/eu\/#website"},"datePublished":"2016-09-12T11:21:06+00:00","dateModified":"2020-07-03T10:56:34+00:00","breadcrumb":{"@id":"https:\/\/www.candidobesa.com\/eu\/avisu-legala\/#breadcrumb"},"inLanguage":"eu","potentialAction":[{"@type":"ReadAction","target":["https:\/\/www.candidobesa.com\/eu\/avisu-legala\/"]}]},{"@type":"BreadcrumbList","@id":"https:\/\/www.candidobesa.com\/eu\/avisu-legala\/#breadcrumb","itemListElement":[{"@type":"ListItem","position":1,"name":"Portada","item":"https:\/\/www.candidobesa.com\/eu\/"},{"@type":"ListItem","position":2,"name":"Abisu legala"}]},{"@type":"WebSite","@id":"https:\/\/www.candidobesa.com\/eu\/#website","url":"https:\/\/www.candidobesa.com\/eu\/","name":"Bodegas C\u00e1ndido Besa","description":"Bodega familiar en Villabuena de \u00c1lava (Eskuernaga). Rioja Alavesa","potentialAction":[{"@type":"SearchAction","target":{"@type":"EntryPoint","urlTemplate":"https:\/\/www.candidobesa.com\/eu\/?s={search_term_string}"},"query-input":{"@type":"PropertyValueSpecification","valueRequired":true,"valueName":"search_term_string"}}],"inLanguage":"eu"}]}},"_links":{"self":[{"href":"https:\/\/www.candidobesa.com\/eu\/wp-json\/wp\/v2\/pages\/446"}],"collection":[{"href":"https:\/\/www.candidobesa.com\/eu\/wp-json\/wp\/v2\/pages"}],"about":[{"href":"https:\/\/www.candidobesa.com\/eu\/wp-json\/wp\/v2\/types\/page"}],"author":[{"embeddable":true,"href":"https:\/\/www.candidobesa.com\/eu\/wp-json\/wp\/v2\/users\/1"}],"replies":[{"embeddable":true,"href":"https:\/\/www.candidobesa.com\/eu\/wp-json\/wp\/v2\/comments?post=446"}],"version-history":[{"count":5,"href":"https:\/\/www.candidobesa.com\/eu\/wp-json\/wp\/v2\/pages\/446\/revisions"}],"predecessor-version":[{"id":929,"href":"https:\/\/www.candidobesa.com\/eu\/wp-json\/wp\/v2\/pages\/446\/revisions\/929"}],"wp:attachment":[{"href":"https:\/\/www.candidobesa.com\/eu\/wp-json\/wp\/v2\/media?parent=446"}],"curies":[{"name":"wp","href":"https:\/\/api.w.org\/{rel}","templated":true}]}}