{"id":653,"date":"2017-01-03T10:10:14","date_gmt":"2017-01-03T10:10:14","guid":{"rendered":"http:\/\/www.candidobesa.com\/en\/?page_id=653"},"modified":"2020-07-03T11:00:18","modified_gmt":"2020-07-03T11:00:18","slug":"legal-notice","status":"publish","type":"page","link":"https:\/\/www.candidobesa.com\/en\/legal-notice\/","title":{"rendered":"Legal Notice"},"content":{"rendered":"<section class=\"l-section wpb_row height_medium\"><div class=\"l-section-h i-cf\"><div class=\"g-cols vc_row via_flex valign_top type_default stacking_default\"><div class=\"vc_col-sm-12 wpb_column vc_column_container\"><div class=\"vc_column-inner\"><div class=\"wpb_wrapper\"><div class=\"wpb_text_column\"><div class=\"wpb_wrapper\"><h1 style=\"text-align: center;\"><span style=\"color: #591e47;\">Legal Notice<\/span><\/h1>\n<\/div><\/div><div class=\"w-separator size_custom\" style=\"height:20px\"><\/div><div class=\"wpb_text_column\"><div class=\"wpb_wrapper\"><h3>1.\u00a0Bodegas C\u00e1ndido Besa details<\/h3>\n<p style=\"text-align: justify;\">In compliance with article 10 of Act 34\/2002, of 11 July 2002 on the Information Society and Electronic Commerce Services, following are the details identifying Bodegas C\u00e1ndido Besa.<\/p>\n<p style=\"padding-left: 3em;\">Name: Bodegas C\u00e1ndido Besa S.C.<br \/>\nCompany name: Bodegas C\u00e1ndido Besa<br \/>\nTax ID No.: J01136241<br \/>\nRegistered place of business: Herrementari Kalea, 36. 01307 Villabuena de \u00c1lava \u2013 Eskuernaga, \u00c1lava \u2013 Araba.<br \/>\nPhone: + 34 945 623 355<br \/>\nEmail address: <a href=\"mailto:bodegascandidobesa@telefonica.net\">bodegascandidobesa@telefonica.net<\/a><\/p>\n<h3>2.\u00a0Intellectual Property Rights<\/h3>\n<p style=\"text-align: justify;\">The source code, graphic design, images, photographs, sounds, animations, software, texts, as well as the information and contents included in this website are protected by the Spanish laws on intellectual and industrial property rights for Bodegas C\u00e1ndido Besa and the whole website or any part of it may not be reproduced and\/or published, or transmitted, distributed, divulged, modified, transformed or treated in any other legally recognised rights of the owner, without prior written consent.<\/p>\n<p style=\"text-align: justify;\">Users may employ the material which appears on this website solely and exclusively for their personal and private use, and are forbidden to use it for commercial or illicit activities. All rights arising from the intellectual property are expressly reserved by Bodegas C\u00e1ndido Besa.<\/p>\n<p style=\"text-align: justify;\">Bodegas C\u00e1ndido Besa will ensure compliance with the above conditions and the correct use of the contents presented in its website, taking relevant civil and criminal actions as may apply in the case of infringement or violation of these rights by the user.<\/p>\n<h3>3.\u00a0Personal data privacy<\/h3>\n<p style=\"text-align: justify;\">Within the framework of compliance with the legislation in force, contained in Spanish Organic Act 15\/1999, of 13 December 1999, on the protection of data of a personal nature (LOPD), whose object is to guarantee and protect, the processing of personal data, the liberties and fundamental rights of individuals, and especially their honour and personal privacy, Bodegas C\u00e1ndido Besa hereby notifies users that: Bodegas C\u00e1ndido Besa has employed technical and organisational steps in accordance with the regulations in force.<\/p>\n<p style=\"text-align: justify;\">The Personal Data collected by Bodegas C\u00e1ndido Besa will be dealt with confidentially and will become part of an automated file owned by Bodegas C\u00e1ndido Besa. Automated collection and processing of Personal Data aims at maintaining the contractual relationship that may be established, as the case may be, with Bodegas C\u00e1ndido Besa, and the performance of information, training, marketing (always identified as such) and other activities by Bodegas C\u00e1ndido Besa.<\/p>\n<p style=\"text-align: justify;\">Bodegas C\u00e1ndido Besa has adopted appropriate security levels for the data provided and has also installed all technical means and taken all steps available to avoid loss, misuse, alteration, unauthorised access and theft of the data you provide. Users may exercise at any time their rights under the LOPD to access, rectify, cancel and object to their information.<\/p>\n<h3>4.\u00a0Miscellaneous<\/h3>\n<p style=\"text-align: justify;\">A.- Bodegas C\u00e1ndido Besa uses cookies that are stored on your computer. Cookies are small files that our computer sends to yours, but do not give us any information regarding your name or any other personal data. The cookies we use cannot read data off your computer or read cookies that exist on your computer.<br \/>\nWhen the user surfs the website of Bodegas C\u00e1ndido Besa, the server where it is hosted automatically recognises the IP address of your computer, the date and time when the visit takes place and when you leave and information on which sections you have visited. It is necessary for the server to know this information in order to communicate and send you the request you made so you can see it on your browser screen.<br \/>\nIf you wish, you can set your browser to notify you on screen if you receive a cookie. Users can set up their computer so they do not receive these cookies. This does not prevent them from accessing information on the Bodegas C\u00e1ndido Besa website.<\/p>\n<p style=\"text-align: justify;\">B.- Bodegas C\u00e1ndido Besa may modify or remove, without prior notice, the information contained on its web site and its configuration or presentation.<\/p>\n<p style=\"text-align: justify;\">C.- Bodegas C\u00e1ndido Besa undertakes through this means NOT TO ENGAGE IN MISLEADING ADVERTISING. To this purpose, such formal or numeric mistakes as may be found throughout the content of the various sections of the Bodegas C\u00e1ndido Besa site produced as a result of maintenance and\/or incomplete updating or faulty information contained in these sections may therefore not be considered false advertising. As a result of the provisions of this paragraph, Bodegas C\u00e1ndido Besa undertakes to correct such errors as soon as it becomes aware of them.<\/p>\n<p style=\"text-align: justify;\">D.- Bodegas C\u00e1ndido Besa undertakes NOT TO SEND COMMERCIAL COMMUNICATIONS WITHOUT IDENTIFYING THEM AS SUCH in accordance with the provisions of Law 34\/2002 of Information Society and Electronic Commerce Services. To this purpose information sent TO THE CLIENTS on behalf of Bodegas C\u00e1ndido Besa will not be considered advertising provided its object is to maintain the existing contractual relationship between the client and Bodegas C\u00e1ndido Besa, and the performance of tasks related to information, training and other activities of the service that the customer has contracted with Bodegas C\u00e1ndido Besa.<\/p>\n<p style=\"text-align: justify;\">E.- Bodegas C\u00e1ndido Besa is not liable for the breach of any rule as may be incurred by the user upon accessing the Bodegas C\u00e1ndido Besa website and\/or use of the information contained therein.<\/p>\n<p style=\"text-align: justify;\">F.- Bodegas C\u00e1ndido Besa will not be liable for any damage caused or likely to occur, whatever its nature, arising from the use of the information, the subjects contained in this website and the programs it includes. Hypertext links which provide users with access from the Bodegas C\u00e1ndido Besa to benefits and services offered by third parties, are not owned or under the control of Bodegas C\u00e1ndido Besa, which is not responsible for any information contained therein or any effects that might result from such information.<\/p>\n<p style=\"text-align: justify;\">G.- Bodegas C\u00e1ndido Besa is not responsible for the illegitimate use that third parties may make of the brand names, product names and trademarks, not owned by that entity, appearing on the Bodegas C\u00e1ndido Besa website. It will also not be held liable for the integrity, trueness and legality of the content of the web links which can be accessed from the Bodegas C\u00e1ndido Besa website.<\/p>\n<p style=\"text-align: justify;\">H.- Bodegas C\u00e1ndido Besa is not responsible for such viruses as may have their origin in a data transmission infiltrated by third parties (for example, macros in Word processors, Java applets and Active X programs), created for the purpose of obtaining negative results for a computer system.<\/p>\n<p style=\"text-align: justify;\">I.- Ultimately, the User is solely responsible for the use they make of the services, contents, links and hypertext included in the Bodegas C\u00e1ndido Besa website.<\/p>\n<\/div><\/div><\/div><\/div><\/div><\/div><\/div><\/section>\n","protected":false},"excerpt":{"rendered":"Legal Notice 1.\u00a0Bodegas C\u00e1ndido Besa details In compliance with article 10 of Act 34\/2002, of 11 July 2002 on the Information Society and Electronic Commerce Services, following are the details identifying Bodegas C\u00e1ndido Besa. Name: Bodegas C\u00e1ndido Besa S.C. Company name: Bodegas C\u00e1ndido Besa Tax ID No.: J01136241 Registered place of business: Herrementari Kalea, 36....","protected":false},"author":1,"featured_media":0,"parent":0,"menu_order":0,"comment_status":"closed","ping_status":"open","template":"","meta":{"footnotes":""},"yoast_head":"<!-- This site is optimized with the Yoast SEO plugin v23.5 - https:\/\/yoast.com\/wordpress\/plugins\/seo\/ -->\n<title>Legal Notice - Bodegas C\u00e1ndido Besa<\/title>\n<meta name=\"robots\" content=\"index, follow, max-snippet:-1, max-image-preview:large, max-video-preview:-1\" \/>\n<link rel=\"canonical\" href=\"https:\/\/www.candidobesa.com\/en\/legal-notice\/\" \/>\n<meta property=\"og:locale\" content=\"en_US\" \/>\n<meta property=\"og:type\" content=\"article\" \/>\n<meta property=\"og:title\" content=\"Legal Notice - Bodegas C\u00e1ndido Besa\" \/>\n<meta property=\"og:url\" content=\"https:\/\/www.candidobesa.com\/en\/legal-notice\/\" \/>\n<meta property=\"og:site_name\" content=\"Bodegas C\u00e1ndido Besa\" \/>\n<meta property=\"article:modified_time\" content=\"2020-07-03T11:00:18+00:00\" \/>\n<meta name=\"twitter:card\" content=\"summary_large_image\" \/>\n<meta name=\"twitter:label1\" content=\"Est. reading time\" \/>\n\t<meta name=\"twitter:data1\" content=\"6 minutes\" \/>\n<script type=\"application\/ld+json\" class=\"yoast-schema-graph\">{\"@context\":\"https:\/\/schema.org\",\"@graph\":[{\"@type\":\"WebPage\",\"@id\":\"https:\/\/www.candidobesa.com\/en\/legal-notice\/\",\"url\":\"https:\/\/www.candidobesa.com\/en\/legal-notice\/\",\"name\":\"Legal Notice - Bodegas C\u00e1ndido Besa\",\"isPartOf\":{\"@id\":\"https:\/\/www.candidobesa.com\/en\/#website\"},\"datePublished\":\"2017-01-03T10:10:14+00:00\",\"dateModified\":\"2020-07-03T11:00:18+00:00\",\"breadcrumb\":{\"@id\":\"https:\/\/www.candidobesa.com\/en\/legal-notice\/#breadcrumb\"},\"inLanguage\":\"en-US\",\"potentialAction\":[{\"@type\":\"ReadAction\",\"target\":[\"https:\/\/www.candidobesa.com\/en\/legal-notice\/\"]}]},{\"@type\":\"BreadcrumbList\",\"@id\":\"https:\/\/www.candidobesa.com\/en\/legal-notice\/#breadcrumb\",\"itemListElement\":[{\"@type\":\"ListItem\",\"position\":1,\"name\":\"Portada\",\"item\":\"https:\/\/www.candidobesa.com\/en\/\"},{\"@type\":\"ListItem\",\"position\":2,\"name\":\"Legal Notice\"}]},{\"@type\":\"WebSite\",\"@id\":\"https:\/\/www.candidobesa.com\/en\/#website\",\"url\":\"https:\/\/www.candidobesa.com\/en\/\",\"name\":\"Bodegas C\u00e1ndido Besa\",\"description\":\"Bodega familiar en Villabuena de \u00c1lava (Eskuernaga). Rioja Alavesa\",\"potentialAction\":[{\"@type\":\"SearchAction\",\"target\":{\"@type\":\"EntryPoint\",\"urlTemplate\":\"https:\/\/www.candidobesa.com\/en\/?s={search_term_string}\"},\"query-input\":{\"@type\":\"PropertyValueSpecification\",\"valueRequired\":true,\"valueName\":\"search_term_string\"}}],\"inLanguage\":\"en-US\"}]}<\/script>\n<!-- \/ Yoast SEO plugin. -->","yoast_head_json":{"title":"Legal Notice - Bodegas C\u00e1ndido Besa","robots":{"index":"index","follow":"follow","max-snippet":"max-snippet:-1","max-image-preview":"max-image-preview:large","max-video-preview":"max-video-preview:-1"},"canonical":"https:\/\/www.candidobesa.com\/en\/legal-notice\/","og_locale":"en_US","og_type":"article","og_title":"Legal Notice - Bodegas C\u00e1ndido Besa","og_url":"https:\/\/www.candidobesa.com\/en\/legal-notice\/","og_site_name":"Bodegas C\u00e1ndido Besa","article_modified_time":"2020-07-03T11:00:18+00:00","twitter_card":"summary_large_image","twitter_misc":{"Est. reading time":"6 minutes"},"schema":{"@context":"https:\/\/schema.org","@graph":[{"@type":"WebPage","@id":"https:\/\/www.candidobesa.com\/en\/legal-notice\/","url":"https:\/\/www.candidobesa.com\/en\/legal-notice\/","name":"Legal Notice - Bodegas C\u00e1ndido Besa","isPartOf":{"@id":"https:\/\/www.candidobesa.com\/en\/#website"},"datePublished":"2017-01-03T10:10:14+00:00","dateModified":"2020-07-03T11:00:18+00:00","breadcrumb":{"@id":"https:\/\/www.candidobesa.com\/en\/legal-notice\/#breadcrumb"},"inLanguage":"en-US","potentialAction":[{"@type":"ReadAction","target":["https:\/\/www.candidobesa.com\/en\/legal-notice\/"]}]},{"@type":"BreadcrumbList","@id":"https:\/\/www.candidobesa.com\/en\/legal-notice\/#breadcrumb","itemListElement":[{"@type":"ListItem","position":1,"name":"Portada","item":"https:\/\/www.candidobesa.com\/en\/"},{"@type":"ListItem","position":2,"name":"Legal Notice"}]},{"@type":"WebSite","@id":"https:\/\/www.candidobesa.com\/en\/#website","url":"https:\/\/www.candidobesa.com\/en\/","name":"Bodegas C\u00e1ndido Besa","description":"Bodega familiar en Villabuena de \u00c1lava (Eskuernaga). Rioja Alavesa","potentialAction":[{"@type":"SearchAction","target":{"@type":"EntryPoint","urlTemplate":"https:\/\/www.candidobesa.com\/en\/?s={search_term_string}"},"query-input":{"@type":"PropertyValueSpecification","valueRequired":true,"valueName":"search_term_string"}}],"inLanguage":"en-US"}]}},"_links":{"self":[{"href":"https:\/\/www.candidobesa.com\/en\/wp-json\/wp\/v2\/pages\/653"}],"collection":[{"href":"https:\/\/www.candidobesa.com\/en\/wp-json\/wp\/v2\/pages"}],"about":[{"href":"https:\/\/www.candidobesa.com\/en\/wp-json\/wp\/v2\/types\/page"}],"author":[{"embeddable":true,"href":"https:\/\/www.candidobesa.com\/en\/wp-json\/wp\/v2\/users\/1"}],"replies":[{"embeddable":true,"href":"https:\/\/www.candidobesa.com\/en\/wp-json\/wp\/v2\/comments?post=653"}],"version-history":[{"count":2,"href":"https:\/\/www.candidobesa.com\/en\/wp-json\/wp\/v2\/pages\/653\/revisions"}],"predecessor-version":[{"id":930,"href":"https:\/\/www.candidobesa.com\/en\/wp-json\/wp\/v2\/pages\/653\/revisions\/930"}],"wp:attachment":[{"href":"https:\/\/www.candidobesa.com\/en\/wp-json\/wp\/v2\/media?parent=653"}],"curies":[{"name":"wp","href":"https:\/\/api.w.org\/{rel}","templated":true}]}}